{"id":58,"date":"2023-04-27T14:56:09","date_gmt":"2023-04-27T14:56:09","guid":{"rendered":"https:\/\/adapri.com\/?page_id=58"},"modified":"2023-06-28T14:13:43","modified_gmt":"2023-06-28T14:13:43","slug":"afiliaciones","status":"publish","type":"page","link":"https:\/\/adapri.com\/index.php\/afiliaciones\/","title":{"rendered":"Afiliaciones"},"content":{"rendered":"\t\t<div data-elementor-type=\"wp-page\" data-elementor-id=\"58\" class=\"elementor elementor-58\">\n\t\t\t\t\t\t\t\t\t<section class=\"elementor-section elementor-top-section elementor-element elementor-element-2acdb2d elementor-section-boxed elementor-section-height-default elementor-section-height-default\" data-id=\"2acdb2d\" data-element_type=\"section\" data-settings=\"{&quot;background_background&quot;:&quot;classic&quot;}\">\n\t\t\t\t\t\t<div class=\"elementor-container elementor-column-gap-default\">\n\t\t\t\t\t<div class=\"elementor-column elementor-col-50 elementor-top-column elementor-element elementor-element-dd5809a\" data-id=\"dd5809a\" data-element_type=\"column\">\n\t\t\t<div class=\"elementor-widget-wrap\">\n\t\t\t\t\t\t\t\t\t<\/div>\n\t\t<\/div>\n\t\t\t\t<div class=\"elementor-column elementor-col-50 elementor-top-column elementor-element elementor-element-e86d4fb\" data-id=\"e86d4fb\" data-element_type=\"column\">\n\t\t\t<div class=\"elementor-widget-wrap elementor-element-populated\">\n\t\t\t\t\t\t\t\t<div class=\"elementor-element elementor-element-59b03cb elementor-widget elementor-widget-heading\" data-id=\"59b03cb\" data-element_type=\"widget\" data-widget_type=\"heading.default\">\n\t\t\t\t<div class=\"elementor-widget-container\">\n\t\t\t<style>\/*! elementor - v3.12.2 - 23-04-2023 *\/\n.elementor-heading-title{padding:0;margin:0;line-height:1}.elementor-widget-heading .elementor-heading-title[class*=elementor-size-]>a{color:inherit;font-size:inherit;line-height:inherit}.elementor-widget-heading .elementor-heading-title.elementor-size-small{font-size:15px}.elementor-widget-heading .elementor-heading-title.elementor-size-medium{font-size:19px}.elementor-widget-heading .elementor-heading-title.elementor-size-large{font-size:29px}.elementor-widget-heading .elementor-heading-title.elementor-size-xl{font-size:39px}.elementor-widget-heading .elementor-heading-title.elementor-size-xxl{font-size:59px}<\/style><h1 class=\"elementor-heading-title elementor-size-default\">Afiliaciones<\/h1>\t\t<\/div>\n\t\t\t\t<\/div>\n\t\t\t\t\t<\/div>\n\t\t<\/div>\n\t\t\t\t\t\t\t<\/div>\n\t\t<\/section>\n\t\t\t\t<section class=\"elementor-section elementor-top-section elementor-element elementor-element-75137e5 elementor-section-boxed elementor-section-height-default elementor-section-height-default\" data-id=\"75137e5\" data-element_type=\"section\">\n\t\t\t\t\t\t<div class=\"elementor-container elementor-column-gap-default\">\n\t\t\t\t\t<div class=\"elementor-column elementor-col-50 elementor-top-column elementor-element elementor-element-09b6a2c\" data-id=\"09b6a2c\" data-element_type=\"column\">\n\t\t\t<div class=\"elementor-widget-wrap elementor-element-populated\">\n\t\t\t\t\t\t\t\t<div class=\"elementor-element elementor-element-a8f2157 elementor-widget elementor-widget-image\" data-id=\"a8f2157\" data-element_type=\"widget\" data-widget_type=\"image.default\">\n\t\t\t\t<div class=\"elementor-widget-container\">\n\t\t\t<style>\/*! elementor - v3.12.2 - 23-04-2023 *\/\n.elementor-widget-image{text-align:center}.elementor-widget-image a{display:inline-block}.elementor-widget-image a img[src$=\".svg\"]{width:48px}.elementor-widget-image img{vertical-align:middle;display:inline-block}<\/style>\t\t\t\t\t\t\t\t\t\t\t\t<img decoding=\"async\" width=\"1024\" height=\"1024\" src=\"https:\/\/adapri.com\/wp-content\/uploads\/2023\/05\/hombre-computadora-1024x1024.png\" class=\"attachment-large size-large wp-image-357\" alt=\"\" loading=\"lazy\" srcset=\"https:\/\/adapri.com\/wp-content\/uploads\/2023\/05\/hombre-computadora-1024x1024.png 1024w, https:\/\/adapri.com\/wp-content\/uploads\/2023\/05\/hombre-computadora-300x300.png 300w, https:\/\/adapri.com\/wp-content\/uploads\/2023\/05\/hombre-computadora-150x150.png 150w, https:\/\/adapri.com\/wp-content\/uploads\/2023\/05\/hombre-computadora-768x768.png 768w, https:\/\/adapri.com\/wp-content\/uploads\/2023\/05\/hombre-computadora-500x500.png 500w, https:\/\/adapri.com\/wp-content\/uploads\/2023\/05\/hombre-computadora.png 1200w\" sizes=\"(max-width: 1024px) 100vw, 1024px\" \/>\t\t\t\t\t\t\t\t\t\t\t\t\t\t\t<\/div>\n\t\t\t\t<\/div>\n\t\t\t\t\t<\/div>\n\t\t<\/div>\n\t\t\t\t<div class=\"elementor-column elementor-col-50 elementor-top-column elementor-element elementor-element-8362c14\" data-id=\"8362c14\" data-element_type=\"column\">\n\t\t\t<div class=\"elementor-widget-wrap elementor-element-populated\">\n\t\t\t\t\t\t\t\t<div class=\"elementor-element elementor-element-d3620d7 elementor-widget elementor-widget-text-editor\" data-id=\"d3620d7\" data-element_type=\"widget\" data-widget_type=\"text-editor.default\">\n\t\t\t\t<div class=\"elementor-widget-container\">\n\t\t\t<style>\/*! elementor - v3.12.2 - 23-04-2023 *\/\n.elementor-widget-text-editor.elementor-drop-cap-view-stacked .elementor-drop-cap{background-color:#69727d;color:#fff}.elementor-widget-text-editor.elementor-drop-cap-view-framed .elementor-drop-cap{color:#69727d;border:3px solid;background-color:transparent}.elementor-widget-text-editor:not(.elementor-drop-cap-view-default) .elementor-drop-cap{margin-top:8px}.elementor-widget-text-editor:not(.elementor-drop-cap-view-default) .elementor-drop-cap-letter{width:1em;height:1em}.elementor-widget-text-editor .elementor-drop-cap{float:left;text-align:center;line-height:1;font-size:50px}.elementor-widget-text-editor .elementor-drop-cap-letter{display:inline-block}<\/style>\t\t\t\t<p>Nos complace ofrecerte diferentes opciones de afiliaci\u00f3n que se ajustan a tus necesidades y a las de tu empresa. Hemos categorizado nuestras tarifas de afiliaci\u00f3n en funci\u00f3n del tipo de membres\u00eda, y todas tienen una duraci\u00f3n de un a\u00f1o. \u00a1\u00danete a nuestra comunidad y disfruta de los beneficios de ser miembro!<\/p>\t\t\t\t\t\t<\/div>\n\t\t\t\t<\/div>\n\t\t\t\t<div class=\"elementor-element elementor-element-2ae88b2 elementor-widget elementor-widget-text-editor\" data-id=\"2ae88b2\" data-element_type=\"widget\" data-widget_type=\"text-editor.default\">\n\t\t\t\t<div class=\"elementor-widget-container\">\n\t\t\t\t\t\t\t<h2 class=\"p1\"><strong>Afiliate Ahora<\/strong><\/h2><h5 class=\"p1\"><strong>Profesionales, organizaciones de la sociedad civil, acad\u00e9micos y estudiantes.<\/strong><\/h5>\t\t\t\t\t\t<\/div>\n\t\t\t\t<\/div>\n\t\t\t\t<div class=\"elementor-element elementor-element-d6e90ee elementor-align-left elementor-widget elementor-widget-button\" data-id=\"d6e90ee\" data-element_type=\"widget\" data-widget_type=\"button.default\">\n\t\t\t\t<div class=\"elementor-widget-container\">\n\t\t\t\t\t<div class=\"elementor-button-wrapper\">\n\t\t\t<a href=\"https:\/\/docs.google.com\/forms\/d\/e\/1FAIpQLSchxAHelHDSZeHWnIcwbClh6y8_1MSmu2UenJLk3vC3138Gfw\/viewform?usp=sf_link\" target=\"_blank\" class=\"elementor-button-link elementor-button elementor-size-md\" role=\"button\">\n\t\t\t\t\t\t<span class=\"elementor-button-content-wrapper\">\n\t\t\t\t\t\t<span class=\"elementor-button-text\">Afiliate ahora<\/span>\n\t\t<\/span>\n\t\t\t\t\t<\/a>\n\t\t<\/div>\n\t\t\t\t<\/div>\n\t\t\t\t<\/div>\n\t\t\t\t\t<\/div>\n\t\t<\/div>\n\t\t\t\t\t\t\t<\/div>\n\t\t<\/section>\n\t\t\t\t<section class=\"elementor-section elementor-top-section elementor-element elementor-element-9817b11 elementor-section-boxed elementor-section-height-default elementor-section-height-default\" data-id=\"9817b11\" data-element_type=\"section\" data-settings=\"{&quot;background_background&quot;:&quot;classic&quot;}\">\n\t\t\t\t\t\t<div class=\"elementor-container elementor-column-gap-default\">\n\t\t\t\t\t<div class=\"elementor-column elementor-col-100 elementor-top-column elementor-element elementor-element-338e0f3\" data-id=\"338e0f3\" data-element_type=\"column\">\n\t\t\t<div class=\"elementor-widget-wrap elementor-element-populated\">\n\t\t\t\t\t\t\t\t<div class=\"elementor-element elementor-element-8061d60 elementor-widget elementor-widget-heading\" data-id=\"8061d60\" data-element_type=\"widget\" data-widget_type=\"heading.default\">\n\t\t\t\t<div class=\"elementor-widget-container\">\n\t\t\t<h1 class=\"elementor-heading-title elementor-size-default\">Costos de Afiliaci\u00f3n<\/h1>\t\t<\/div>\n\t\t\t\t<\/div>\n\t\t\t\t<div class=\"elementor-element elementor-element-b047e33 elementor-widget elementor-widget-text-editor\" data-id=\"b047e33\" data-element_type=\"widget\" data-widget_type=\"text-editor.default\">\n\t\t\t\t<div class=\"elementor-widget-container\">\n\t\t\t\t\t\t\t<p class=\"p1\" style=\"text-align: center;\">Eventos profesionales para acercar a empresas, autoridades, profesionales, organizaciones de la sociedad civil, acad\u00e9micos y estudiantes.<\/p>\t\t\t\t\t\t<\/div>\n\t\t\t\t<\/div>\n\t\t\t\t<div class=\"elementor-element elementor-element-266204f elementor-hidden-desktop elementor-widget elementor-widget-image\" data-id=\"266204f\" data-element_type=\"widget\" data-widget_type=\"image.default\">\n\t\t\t\t<div class=\"elementor-widget-container\">\n\t\t\t\t\t\t\t\t\t\t\t\t\t\t\t<img decoding=\"async\" width=\"2100\" height=\"686\" src=\"https:\/\/adapri.com\/wp-content\/uploads\/2023\/06\/Captura-de-pantalla-2023-06-28-a-las-9.13.20-a.m.png\" class=\"attachment-full size-full wp-image-699\" alt=\"\" loading=\"lazy\" srcset=\"https:\/\/adapri.com\/wp-content\/uploads\/2023\/06\/Captura-de-pantalla-2023-06-28-a-las-9.13.20-a.m.png 2100w, https:\/\/adapri.com\/wp-content\/uploads\/2023\/06\/Captura-de-pantalla-2023-06-28-a-las-9.13.20-a.m-300x98.png 300w, https:\/\/adapri.com\/wp-content\/uploads\/2023\/06\/Captura-de-pantalla-2023-06-28-a-las-9.13.20-a.m-1024x335.png 1024w, https:\/\/adapri.com\/wp-content\/uploads\/2023\/06\/Captura-de-pantalla-2023-06-28-a-las-9.13.20-a.m-768x251.png 768w, https:\/\/adapri.com\/wp-content\/uploads\/2023\/06\/Captura-de-pantalla-2023-06-28-a-las-9.13.20-a.m-1536x502.png 1536w, https:\/\/adapri.com\/wp-content\/uploads\/2023\/06\/Captura-de-pantalla-2023-06-28-a-las-9.13.20-a.m-2048x669.png 2048w\" sizes=\"(max-width: 2100px) 100vw, 2100px\" \/>\t\t\t\t\t\t\t\t\t\t\t\t\t\t\t<\/div>\n\t\t\t\t<\/div>\n\t\t\t\t<section class=\"elementor-section elementor-inner-section elementor-element elementor-element-112ccfc elementor-hidden-tablet elementor-hidden-mobile elementor-section-boxed elementor-section-height-default elementor-section-height-default\" data-id=\"112ccfc\" data-element_type=\"section\">\n\t\t\t\t\t\t<div class=\"elementor-container elementor-column-gap-default\">\n\t\t\t\t\t<div class=\"elementor-column elementor-col-25 elementor-inner-column elementor-element elementor-element-8b06605\" data-id=\"8b06605\" data-element_type=\"column\">\n\t\t\t<div class=\"elementor-widget-wrap elementor-element-populated\">\n\t\t\t\t\t\t\t\t<div class=\"elementor-element elementor-element-8233995 elementor-widget elementor-widget-text-editor\" data-id=\"8233995\" data-element_type=\"widget\" data-widget_type=\"text-editor.default\">\n\t\t\t\t<div class=\"elementor-widget-container\">\n\t\t\t\t\t\t\t<h5 style=\"text-align: center;\"><strong>CATEGOR\u00cdA<\/strong><\/h5>\t\t\t\t\t\t<\/div>\n\t\t\t\t<\/div>\n\t\t\t\t<div class=\"elementor-element elementor-element-ca65f33 elementor-widget elementor-widget-text-editor\" data-id=\"ca65f33\" data-element_type=\"widget\" data-widget_type=\"text-editor.default\">\n\t\t\t\t<div class=\"elementor-widget-container\">\n\t\t\t\t\t\t\t<p class=\"p1\" style=\"text-align: center;\">Estudiante<\/p><p class=\"p1\" style=\"text-align: center;\">Persona natural profesional<\/p><p class=\"p1\" style=\"text-align: center;\">Persona jur\u00eddica- MIPYMES<\/p><p class=\"p1\" style=\"text-align: center;\">Persona jur\u00eddica- Mediana<\/p><p class=\"p1\" style=\"text-align: center;\">Persona jur\u00eddica- Grande<\/p>\t\t\t\t\t\t<\/div>\n\t\t\t\t<\/div>\n\t\t\t\t\t<\/div>\n\t\t<\/div>\n\t\t\t\t<div class=\"elementor-column elementor-col-25 elementor-inner-column elementor-element elementor-element-b855fec\" data-id=\"b855fec\" data-element_type=\"column\">\n\t\t\t<div class=\"elementor-widget-wrap elementor-element-populated\">\n\t\t\t\t\t\t\t\t<div class=\"elementor-element elementor-element-14d3d8d elementor-widget elementor-widget-text-editor\" data-id=\"14d3d8d\" data-element_type=\"widget\" data-widget_type=\"text-editor.default\">\n\t\t\t\t<div class=\"elementor-widget-container\">\n\t\t\t\t\t\t\t<h5 style=\"text-align: center;\"><strong>TARIFA COP<\/strong><\/h5>\t\t\t\t\t\t<\/div>\n\t\t\t\t<\/div>\n\t\t\t\t<div class=\"elementor-element elementor-element-ccf0b9f elementor-widget elementor-widget-text-editor\" data-id=\"ccf0b9f\" data-element_type=\"widget\" data-widget_type=\"text-editor.default\">\n\t\t\t\t<div class=\"elementor-widget-container\">\n\t\t\t\t\t\t\t<p class=\"p1\" style=\"text-align: center;\">$120.000<\/p><p class=\"p1\" style=\"text-align: center;\">$300.000<\/p><p class=\"p1\" style=\"text-align: center;\">$400.000<\/p><p class=\"p1\" style=\"text-align: center;\">$650.000<\/p><p class=\"p1\" style=\"text-align: center;\">$900.000<\/p>\t\t\t\t\t\t<\/div>\n\t\t\t\t<\/div>\n\t\t\t\t\t<\/div>\n\t\t<\/div>\n\t\t\t\t<div class=\"elementor-column elementor-col-25 elementor-inner-column elementor-element elementor-element-d88393a\" data-id=\"d88393a\" data-element_type=\"column\">\n\t\t\t<div class=\"elementor-widget-wrap elementor-element-populated\">\n\t\t\t\t\t\t\t\t<div class=\"elementor-element elementor-element-c827211 elementor-widget elementor-widget-text-editor\" data-id=\"c827211\" data-element_type=\"widget\" data-widget_type=\"text-editor.default\">\n\t\t\t\t<div class=\"elementor-widget-container\">\n\t\t\t\t\t\t\t<h5 style=\"text-align: center;\"><strong>PERIODO QUE CUBRE<\/strong><\/h5>\t\t\t\t\t\t<\/div>\n\t\t\t\t<\/div>\n\t\t\t\t<div class=\"elementor-element elementor-element-db3d2ed elementor-widget elementor-widget-text-editor\" data-id=\"db3d2ed\" data-element_type=\"widget\" data-widget_type=\"text-editor.default\">\n\t\t\t\t<div class=\"elementor-widget-container\">\n\t\t\t\t\t\t\t<p class=\"p1\" style=\"text-align: center;\">1 a\u00f1o<\/p><p class=\"p1\" style=\"text-align: center;\">1 a\u00f1o<\/p><p class=\"p1\" style=\"text-align: center;\">1 a\u00f1o<\/p><p class=\"p1\" style=\"text-align: center;\">1 a\u00f1o<\/p><p class=\"p1\" style=\"text-align: center;\">1 a\u00f1o<\/p>\t\t\t\t\t\t<\/div>\n\t\t\t\t<\/div>\n\t\t\t\t\t<\/div>\n\t\t<\/div>\n\t\t\t\t<div class=\"elementor-column elementor-col-25 elementor-inner-column elementor-element elementor-element-51d1040\" data-id=\"51d1040\" data-element_type=\"column\">\n\t\t\t<div class=\"elementor-widget-wrap elementor-element-populated\">\n\t\t\t\t\t\t\t\t<div class=\"elementor-element elementor-element-43f72b8 elementor-widget elementor-widget-text-editor\" data-id=\"43f72b8\" data-element_type=\"widget\" data-widget_type=\"text-editor.default\">\n\t\t\t\t<div class=\"elementor-widget-container\">\n\t\t\t\t\t\t\t<h5 style=\"text-align: center;\"><strong>No DE AFILIADOS<\/strong><\/h5>\t\t\t\t\t\t<\/div>\n\t\t\t\t<\/div>\n\t\t\t\t<div class=\"elementor-element elementor-element-df13b6e elementor-widget elementor-widget-text-editor\" data-id=\"df13b6e\" data-element_type=\"widget\" data-widget_type=\"text-editor.default\">\n\t\t\t\t<div class=\"elementor-widget-container\">\n\t\t\t\t\t\t\t<p class=\"p1\" style=\"text-align: center;\">1<\/p><p class=\"p1\" style=\"text-align: center;\">1<\/p><p class=\"p1\" style=\"text-align: center;\">2<\/p><p class=\"p1\" style=\"text-align: center;\">2<\/p><p class=\"p1\" style=\"text-align: center;\">3<\/p>\t\t\t\t\t\t<\/div>\n\t\t\t\t<\/div>\n\t\t\t\t\t<\/div>\n\t\t<\/div>\n\t\t\t\t\t\t\t<\/div>\n\t\t<\/section>\n\t\t\t\t<div class=\"elementor-element elementor-element-0d31e76 elementor-align-center elementor-widget elementor-widget-button\" data-id=\"0d31e76\" data-element_type=\"widget\" data-widget_type=\"button.default\">\n\t\t\t\t<div class=\"elementor-widget-container\">\n\t\t\t\t\t<div class=\"elementor-button-wrapper\">\n\t\t\t<a href=\"https:\/\/docs.google.com\/forms\/d\/e\/1FAIpQLSchxAHelHDSZeHWnIcwbClh6y8_1MSmu2UenJLk3vC3138Gfw\/viewform?usp=sf_link\" target=\"_blank\" class=\"elementor-button-link elementor-button elementor-size-md\" role=\"button\">\n\t\t\t\t\t\t<span class=\"elementor-button-content-wrapper\">\n\t\t\t\t\t\t<span class=\"elementor-button-text\">Afiliate ahora<\/span>\n\t\t<\/span>\n\t\t\t\t\t<\/a>\n\t\t<\/div>\n\t\t\t\t<\/div>\n\t\t\t\t<\/div>\n\t\t\t\t\t<\/div>\n\t\t<\/div>\n\t\t\t\t\t\t\t<\/div>\n\t\t<\/section>\n\t\t\t\t<section class=\"elementor-section elementor-top-section elementor-element elementor-element-a7ef905 elementor-section-boxed elementor-section-height-default elementor-section-height-default\" data-id=\"a7ef905\" data-element_type=\"section\">\n\t\t\t\t\t\t<div class=\"elementor-container elementor-column-gap-default\">\n\t\t\t\t\t<div class=\"elementor-column elementor-col-100 elementor-top-column elementor-element elementor-element-d83e8bb\" data-id=\"d83e8bb\" data-element_type=\"column\">\n\t\t\t<div class=\"elementor-widget-wrap elementor-element-populated\">\n\t\t\t\t\t\t\t\t<div class=\"elementor-element elementor-element-f13bb03 elementor-widget elementor-widget-heading\" data-id=\"f13bb03\" data-element_type=\"widget\" data-widget_type=\"heading.default\">\n\t\t\t\t<div class=\"elementor-widget-container\">\n\t\t\t<h1 class=\"elementor-heading-title elementor-size-default\">Beneficios de afiliarte<\/h1>\t\t<\/div>\n\t\t\t\t<\/div>\n\t\t\t\t<section class=\"elementor-section elementor-inner-section elementor-element elementor-element-b6e7aa7 elementor-section-boxed elementor-section-height-default elementor-section-height-default\" data-id=\"b6e7aa7\" data-element_type=\"section\">\n\t\t\t\t\t\t<div class=\"elementor-container elementor-column-gap-default\">\n\t\t\t\t\t<div class=\"elementor-column elementor-col-33 elementor-inner-column elementor-element elementor-element-d3e9b7c\" data-id=\"d3e9b7c\" data-element_type=\"column\">\n\t\t\t<div class=\"elementor-widget-wrap elementor-element-populated\">\n\t\t\t\t\t\t\t\t<div class=\"elementor-element elementor-element-6b20160 elementor-widget__width-initial elementor-widget elementor-widget-image\" data-id=\"6b20160\" data-element_type=\"widget\" data-widget_type=\"image.default\">\n\t\t\t\t<div class=\"elementor-widget-container\">\n\t\t\t\t\t\t\t\t\t\t\t\t\t\t\t<img decoding=\"async\" width=\"460\" height=\"459\" src=\"https:\/\/adapri.com\/wp-content\/uploads\/2023\/04\/1.png\" class=\"attachment-large size-large wp-image-228\" alt=\"\" loading=\"lazy\" srcset=\"https:\/\/adapri.com\/wp-content\/uploads\/2023\/04\/1.png 460w, https:\/\/adapri.com\/wp-content\/uploads\/2023\/04\/1-300x300.png 300w, https:\/\/adapri.com\/wp-content\/uploads\/2023\/04\/1-150x150.png 150w\" sizes=\"(max-width: 460px) 100vw, 460px\" \/>\t\t\t\t\t\t\t\t\t\t\t\t\t\t\t<\/div>\n\t\t\t\t<\/div>\n\t\t\t\t<div class=\"elementor-element elementor-element-5644604 elementor-widget elementor-widget-text-editor\" data-id=\"5644604\" data-element_type=\"widget\" data-widget_type=\"text-editor.default\">\n\t\t\t\t<div class=\"elementor-widget-container\">\n\t\t\t\t\t\t\t<p style=\"text-align: center;\">Acceso a eventos y capacitaciones especializadas en temas de privacidad y protecci\u00f3n de datos, que permiten mantenerse actualizado en un campo en constante evoluci\u00f3n.<\/p>\t\t\t\t\t\t<\/div>\n\t\t\t\t<\/div>\n\t\t\t\t\t<\/div>\n\t\t<\/div>\n\t\t\t\t<div class=\"elementor-column elementor-col-33 elementor-inner-column elementor-element elementor-element-969dbf8\" data-id=\"969dbf8\" data-element_type=\"column\">\n\t\t\t<div class=\"elementor-widget-wrap elementor-element-populated\">\n\t\t\t\t\t\t\t\t<div class=\"elementor-element elementor-element-f6e2d8b elementor-widget__width-initial elementor-widget elementor-widget-image\" data-id=\"f6e2d8b\" data-element_type=\"widget\" data-widget_type=\"image.default\">\n\t\t\t\t<div class=\"elementor-widget-container\">\n\t\t\t\t\t\t\t\t\t\t\t\t\t\t\t<img decoding=\"async\" width=\"460\" height=\"459\" src=\"https:\/\/adapri.com\/wp-content\/uploads\/2023\/04\/2.png\" class=\"attachment-large size-large wp-image-229\" alt=\"\" loading=\"lazy\" srcset=\"https:\/\/adapri.com\/wp-content\/uploads\/2023\/04\/2.png 460w, https:\/\/adapri.com\/wp-content\/uploads\/2023\/04\/2-300x300.png 300w, https:\/\/adapri.com\/wp-content\/uploads\/2023\/04\/2-150x150.png 150w\" sizes=\"(max-width: 460px) 100vw, 460px\" \/>\t\t\t\t\t\t\t\t\t\t\t\t\t\t\t<\/div>\n\t\t\t\t<\/div>\n\t\t\t\t<div class=\"elementor-element elementor-element-9144709 elementor-widget elementor-widget-text-editor\" data-id=\"9144709\" data-element_type=\"widget\" data-widget_type=\"text-editor.default\">\n\t\t\t\t<div class=\"elementor-widget-container\">\n\t\t\t\t\t\t\t<p style=\"text-align: center;\">Acceso a una red de apoyo y asesoramiento, que puede resultar \u00fatil en caso de enfrentar desaf\u00edos o problemas relacionados con la privacidad y protecci\u00f3n de datos.<\/p>\t\t\t\t\t\t<\/div>\n\t\t\t\t<\/div>\n\t\t\t\t\t<\/div>\n\t\t<\/div>\n\t\t\t\t<div class=\"elementor-column elementor-col-33 elementor-inner-column elementor-element elementor-element-f45e053\" data-id=\"f45e053\" data-element_type=\"column\">\n\t\t\t<div class=\"elementor-widget-wrap elementor-element-populated\">\n\t\t\t\t\t\t\t\t<div class=\"elementor-element elementor-element-7b92870 elementor-widget__width-initial elementor-widget elementor-widget-image\" data-id=\"7b92870\" data-element_type=\"widget\" data-widget_type=\"image.default\">\n\t\t\t\t<div class=\"elementor-widget-container\">\n\t\t\t\t\t\t\t\t\t\t\t\t\t\t\t<img decoding=\"async\" width=\"460\" height=\"459\" src=\"https:\/\/adapri.com\/wp-content\/uploads\/2023\/04\/3.png\" class=\"attachment-large size-large wp-image-230\" alt=\"\" loading=\"lazy\" srcset=\"https:\/\/adapri.com\/wp-content\/uploads\/2023\/04\/3.png 460w, https:\/\/adapri.com\/wp-content\/uploads\/2023\/04\/3-300x300.png 300w, https:\/\/adapri.com\/wp-content\/uploads\/2023\/04\/3-150x150.png 150w\" sizes=\"(max-width: 460px) 100vw, 460px\" \/>\t\t\t\t\t\t\t\t\t\t\t\t\t\t\t<\/div>\n\t\t\t\t<\/div>\n\t\t\t\t<div class=\"elementor-element elementor-element-7164baa elementor-widget elementor-widget-text-editor\" data-id=\"7164baa\" data-element_type=\"widget\" data-widget_type=\"text-editor.default\">\n\t\t\t\t<div class=\"elementor-widget-container\">\n\t\t\t\t\t\t\t<p style=\"text-align: center;\"><strong>Caf\u00e9 Adapri:<\/strong> <br \/>evento exclusivo para afiliados, un espacio liderado por un experto donde se tratan temas de inter\u00e9s y actualidad.<\/p>\t\t\t\t\t\t<\/div>\n\t\t\t\t<\/div>\n\t\t\t\t\t<\/div>\n\t\t<\/div>\n\t\t\t\t\t\t\t<\/div>\n\t\t<\/section>\n\t\t\t\t<div class=\"elementor-element elementor-element-a07082e elementor-align-center elementor-widget elementor-widget-button\" data-id=\"a07082e\" data-element_type=\"widget\" data-widget_type=\"button.default\">\n\t\t\t\t<div class=\"elementor-widget-container\">\n\t\t\t\t\t<div class=\"elementor-button-wrapper\">\n\t\t\t<a href=\"https:\/\/adapri.com\/index.php\/beneficios\/\" class=\"elementor-button-link elementor-button elementor-size-md\" role=\"button\">\n\t\t\t\t\t\t<span class=\"elementor-button-content-wrapper\">\n\t\t\t\t\t\t<span class=\"elementor-button-text\">Ver m\u00e1s<\/span>\n\t\t<\/span>\n\t\t\t\t\t<\/a>\n\t\t<\/div>\n\t\t\t\t<\/div>\n\t\t\t\t<\/div>\n\t\t\t\t\t<\/div>\n\t\t<\/div>\n\t\t\t\t\t\t\t<\/div>\n\t\t<\/section>\n\t\t\t\t\t\t\t<\/div>\n\t\t","protected":false},"excerpt":{"rendered":"<p>Afiliaciones Nos complace ofrecerte diferentes opciones de afiliaci\u00f3n que se ajustan a tus necesidades y a las de tu empresa. Hemos categorizado nuestras tarifas de afiliaci\u00f3n en funci\u00f3n del tipo de membres\u00eda, y todas tienen una duraci\u00f3n de un a\u00f1o. \u00a1\u00danete a nuestra comunidad y disfruta de los beneficios de ser miembro! Afiliate Ahora Profesionales, &hellip;<\/p>\n<p class=\"read-more\"> <a class=\"\" href=\"https:\/\/adapri.com\/index.php\/afiliaciones\/\"> <span class=\"screen-reader-text\">Afiliaciones<\/span> Read More &raquo;<\/a><\/p>\n","protected":false},"author":1,"featured_media":0,"parent":0,"menu_order":0,"comment_status":"closed","ping_status":"closed","template":"","meta":{"site-sidebar-layout":"no-sidebar","site-content-layout":"page-builder","ast-global-header-display":"","ast-main-header-display":"","ast-hfb-above-header-display":"","ast-hfb-below-header-display":"","ast-hfb-mobile-header-display":"","site-post-title":"disabled","ast-breadcrumbs-content":"","ast-featured-img":"disabled","footer-sml-layout":"","theme-transparent-header-meta":"","adv-header-id-meta":"","stick-header-meta":"","header-above-stick-meta":"","header-main-stick-meta":"","header-below-stick-meta":""},"_links":{"self":[{"href":"https:\/\/adapri.com\/index.php\/wp-json\/wp\/v2\/pages\/58"}],"collection":[{"href":"https:\/\/adapri.com\/index.php\/wp-json\/wp\/v2\/pages"}],"about":[{"href":"https:\/\/adapri.com\/index.php\/wp-json\/wp\/v2\/types\/page"}],"author":[{"embeddable":true,"href":"https:\/\/adapri.com\/index.php\/wp-json\/wp\/v2\/users\/1"}],"replies":[{"embeddable":true,"href":"https:\/\/adapri.com\/index.php\/wp-json\/wp\/v2\/comments?post=58"}],"version-history":[{"count":91,"href":"https:\/\/adapri.com\/index.php\/wp-json\/wp\/v2\/pages\/58\/revisions"}],"predecessor-version":[{"id":702,"href":"https:\/\/adapri.com\/index.php\/wp-json\/wp\/v2\/pages\/58\/revisions\/702"}],"wp:attachment":[{"href":"https:\/\/adapri.com\/index.php\/wp-json\/wp\/v2\/media?parent=58"}],"curies":[{"name":"wp","href":"https:\/\/api.w.org\/{rel}","templated":true}]}}