{"id":135,"date":"2023-04-27T20:38:31","date_gmt":"2023-04-27T20:38:31","guid":{"rendered":"https:\/\/adapri.com\/?page_id=135"},"modified":"2023-06-07T19:35:55","modified_gmt":"2023-06-07T19:35:55","slug":"beneficios","status":"publish","type":"page","link":"https:\/\/adapri.com\/index.php\/beneficios\/","title":{"rendered":"Beneficios"},"content":{"rendered":"\t\t<div data-elementor-type=\"wp-page\" data-elementor-id=\"135\" class=\"elementor elementor-135\">\n\t\t\t\t\t\t\t\t\t<section class=\"elementor-section elementor-top-section elementor-element elementor-element-2acdb2d elementor-section-boxed elementor-section-height-default elementor-section-height-default\" data-id=\"2acdb2d\" data-element_type=\"section\" data-settings=\"{&quot;background_background&quot;:&quot;classic&quot;}\">\n\t\t\t\t\t\t<div class=\"elementor-container elementor-column-gap-default\">\n\t\t\t\t\t<div class=\"elementor-column elementor-col-50 elementor-top-column elementor-element elementor-element-dd5809a\" data-id=\"dd5809a\" data-element_type=\"column\">\n\t\t\t<div class=\"elementor-widget-wrap\">\n\t\t\t\t\t\t\t\t\t<\/div>\n\t\t<\/div>\n\t\t\t\t<div class=\"elementor-column elementor-col-50 elementor-top-column elementor-element elementor-element-e86d4fb\" data-id=\"e86d4fb\" data-element_type=\"column\">\n\t\t\t<div class=\"elementor-widget-wrap elementor-element-populated\">\n\t\t\t\t\t\t\t\t<div class=\"elementor-element elementor-element-59b03cb elementor-widget elementor-widget-heading\" data-id=\"59b03cb\" data-element_type=\"widget\" data-widget_type=\"heading.default\">\n\t\t\t\t<div class=\"elementor-widget-container\">\n\t\t\t<style>\/*! elementor - v3.12.2 - 23-04-2023 *\/\n.elementor-heading-title{padding:0;margin:0;line-height:1}.elementor-widget-heading .elementor-heading-title[class*=elementor-size-]>a{color:inherit;font-size:inherit;line-height:inherit}.elementor-widget-heading .elementor-heading-title.elementor-size-small{font-size:15px}.elementor-widget-heading .elementor-heading-title.elementor-size-medium{font-size:19px}.elementor-widget-heading .elementor-heading-title.elementor-size-large{font-size:29px}.elementor-widget-heading .elementor-heading-title.elementor-size-xl{font-size:39px}.elementor-widget-heading .elementor-heading-title.elementor-size-xxl{font-size:59px}<\/style><h1 class=\"elementor-heading-title elementor-size-default\">Beneficios<\/h1>\t\t<\/div>\n\t\t\t\t<\/div>\n\t\t\t\t\t<\/div>\n\t\t<\/div>\n\t\t\t\t\t\t\t<\/div>\n\t\t<\/section>\n\t\t\t\t<section class=\"elementor-section elementor-top-section elementor-element elementor-element-c2defb5 elementor-section-boxed elementor-section-height-default elementor-section-height-default\" data-id=\"c2defb5\" data-element_type=\"section\">\n\t\t\t\t\t\t<div class=\"elementor-container elementor-column-gap-default\">\n\t\t\t\t\t<div class=\"elementor-column elementor-col-100 elementor-top-column elementor-element elementor-element-1b28d51\" data-id=\"1b28d51\" data-element_type=\"column\">\n\t\t\t<div class=\"elementor-widget-wrap elementor-element-populated\">\n\t\t\t\t\t\t\t\t<div class=\"elementor-element elementor-element-f13bb03 elementor-widget elementor-widget-heading\" data-id=\"f13bb03\" data-element_type=\"widget\" data-widget_type=\"heading.default\">\n\t\t\t\t<div class=\"elementor-widget-container\">\n\t\t\t<h1 class=\"elementor-heading-title elementor-size-default\">Beneficios de afiliarte<\/h1>\t\t<\/div>\n\t\t\t\t<\/div>\n\t\t\t\t\t<\/div>\n\t\t<\/div>\n\t\t\t\t\t\t\t<\/div>\n\t\t<\/section>\n\t\t\t\t<section class=\"elementor-section elementor-top-section elementor-element elementor-element-1c68826 elementor-section-boxed elementor-section-height-default elementor-section-height-default\" data-id=\"1c68826\" data-element_type=\"section\">\n\t\t\t\t\t\t<div class=\"elementor-container elementor-column-gap-default\">\n\t\t\t\t\t<div class=\"elementor-column elementor-col-33 elementor-top-column elementor-element elementor-element-6751cfe\" data-id=\"6751cfe\" data-element_type=\"column\">\n\t\t\t<div class=\"elementor-widget-wrap elementor-element-populated\">\n\t\t\t\t\t\t\t\t<div class=\"elementor-element elementor-element-88ad359 elementor-widget__width-initial elementor-widget elementor-widget-image\" data-id=\"88ad359\" data-element_type=\"widget\" data-widget_type=\"image.default\">\n\t\t\t\t<div class=\"elementor-widget-container\">\n\t\t\t<style>\/*! elementor - v3.12.2 - 23-04-2023 *\/\n.elementor-widget-image{text-align:center}.elementor-widget-image a{display:inline-block}.elementor-widget-image a img[src$=\".svg\"]{width:48px}.elementor-widget-image img{vertical-align:middle;display:inline-block}<\/style>\t\t\t\t\t\t\t\t\t\t\t\t<img decoding=\"async\" width=\"460\" height=\"459\" src=\"https:\/\/adapri.com\/wp-content\/uploads\/2023\/04\/1.png\" class=\"attachment-large size-large wp-image-228\" alt=\"\" loading=\"lazy\" srcset=\"https:\/\/adapri.com\/wp-content\/uploads\/2023\/04\/1.png 460w, https:\/\/adapri.com\/wp-content\/uploads\/2023\/04\/1-300x300.png 300w, https:\/\/adapri.com\/wp-content\/uploads\/2023\/04\/1-150x150.png 150w\" sizes=\"(max-width: 460px) 100vw, 460px\" \/>\t\t\t\t\t\t\t\t\t\t\t\t\t\t\t<\/div>\n\t\t\t\t<\/div>\n\t\t\t\t<div class=\"elementor-element elementor-element-b7e2b8a elementor-widget elementor-widget-text-editor\" data-id=\"b7e2b8a\" data-element_type=\"widget\" data-widget_type=\"text-editor.default\">\n\t\t\t\t<div class=\"elementor-widget-container\">\n\t\t\t<style>\/*! elementor - v3.12.2 - 23-04-2023 *\/\n.elementor-widget-text-editor.elementor-drop-cap-view-stacked .elementor-drop-cap{background-color:#69727d;color:#fff}.elementor-widget-text-editor.elementor-drop-cap-view-framed .elementor-drop-cap{color:#69727d;border:3px solid;background-color:transparent}.elementor-widget-text-editor:not(.elementor-drop-cap-view-default) .elementor-drop-cap{margin-top:8px}.elementor-widget-text-editor:not(.elementor-drop-cap-view-default) .elementor-drop-cap-letter{width:1em;height:1em}.elementor-widget-text-editor .elementor-drop-cap{float:left;text-align:center;line-height:1;font-size:50px}.elementor-widget-text-editor .elementor-drop-cap-letter{display:inline-block}<\/style>\t\t\t\t<p style=\"text-align: center;\">Acceso a eventos y capacitaciones especializadas en temas de privacidad y protecci\u00f3n de datos, que permiten mantenerse actualizado en un campo en constante evoluci\u00f3n.<\/p>\t\t\t\t\t\t<\/div>\n\t\t\t\t<\/div>\n\t\t\t\t\t<\/div>\n\t\t<\/div>\n\t\t\t\t<div class=\"elementor-column elementor-col-33 elementor-top-column elementor-element elementor-element-0721c93\" data-id=\"0721c93\" data-element_type=\"column\">\n\t\t\t<div class=\"elementor-widget-wrap elementor-element-populated\">\n\t\t\t\t\t\t\t\t<div class=\"elementor-element elementor-element-1ccd0a6 elementor-widget__width-initial elementor-widget elementor-widget-image\" data-id=\"1ccd0a6\" data-element_type=\"widget\" data-widget_type=\"image.default\">\n\t\t\t\t<div class=\"elementor-widget-container\">\n\t\t\t\t\t\t\t\t\t\t\t\t\t\t\t<img decoding=\"async\" width=\"460\" height=\"459\" src=\"https:\/\/adapri.com\/wp-content\/uploads\/2023\/04\/2.png\" class=\"attachment-large size-large wp-image-229\" alt=\"\" loading=\"lazy\" srcset=\"https:\/\/adapri.com\/wp-content\/uploads\/2023\/04\/2.png 460w, https:\/\/adapri.com\/wp-content\/uploads\/2023\/04\/2-300x300.png 300w, https:\/\/adapri.com\/wp-content\/uploads\/2023\/04\/2-150x150.png 150w\" sizes=\"(max-width: 460px) 100vw, 460px\" \/>\t\t\t\t\t\t\t\t\t\t\t\t\t\t\t<\/div>\n\t\t\t\t<\/div>\n\t\t\t\t<div class=\"elementor-element elementor-element-f4ea25b elementor-widget elementor-widget-text-editor\" data-id=\"f4ea25b\" data-element_type=\"widget\" data-widget_type=\"text-editor.default\">\n\t\t\t\t<div class=\"elementor-widget-container\">\n\t\t\t\t\t\t\t<p style=\"text-align: center;\">Oportunidades de networking y establecimiento de contactos con otros profesionales del campo, que pueden resultar \u00fatiles para el desarrollo profesional y la identificaci\u00f3n de oportunidades de negocio.<\/p><p style=\"text-align: center;\">\u00a0<\/p>\t\t\t\t\t\t<\/div>\n\t\t\t\t<\/div>\n\t\t\t\t\t<\/div>\n\t\t<\/div>\n\t\t\t\t<div class=\"elementor-column elementor-col-33 elementor-top-column elementor-element elementor-element-12d7718\" data-id=\"12d7718\" data-element_type=\"column\">\n\t\t\t<div class=\"elementor-widget-wrap elementor-element-populated\">\n\t\t\t\t\t\t\t\t<div class=\"elementor-element elementor-element-fc7bcd7 elementor-widget__width-initial elementor-widget elementor-widget-image\" data-id=\"fc7bcd7\" data-element_type=\"widget\" data-widget_type=\"image.default\">\n\t\t\t\t<div class=\"elementor-widget-container\">\n\t\t\t\t\t\t\t\t\t\t\t\t\t\t\t<img decoding=\"async\" width=\"460\" height=\"459\" src=\"https:\/\/adapri.com\/wp-content\/uploads\/2023\/04\/3.png\" class=\"attachment-large size-large wp-image-230\" alt=\"\" loading=\"lazy\" srcset=\"https:\/\/adapri.com\/wp-content\/uploads\/2023\/04\/3.png 460w, https:\/\/adapri.com\/wp-content\/uploads\/2023\/04\/3-300x300.png 300w, https:\/\/adapri.com\/wp-content\/uploads\/2023\/04\/3-150x150.png 150w\" sizes=\"(max-width: 460px) 100vw, 460px\" \/>\t\t\t\t\t\t\t\t\t\t\t\t\t\t\t<\/div>\n\t\t\t\t<\/div>\n\t\t\t\t<div class=\"elementor-element elementor-element-8d0aa17 elementor-widget elementor-widget-text-editor\" data-id=\"8d0aa17\" data-element_type=\"widget\" data-widget_type=\"text-editor.default\">\n\t\t\t\t<div class=\"elementor-widget-container\">\n\t\t\t\t\t\t\t<p style=\"text-align: center;\">Directorio de afiliados.<\/p>\t\t\t\t\t\t<\/div>\n\t\t\t\t<\/div>\n\t\t\t\t\t<\/div>\n\t\t<\/div>\n\t\t\t\t\t\t\t<\/div>\n\t\t<\/section>\n\t\t\t\t<section class=\"elementor-section elementor-top-section elementor-element elementor-element-66a8d1d elementor-section-boxed elementor-section-height-default elementor-section-height-default\" data-id=\"66a8d1d\" data-element_type=\"section\">\n\t\t\t\t\t\t<div class=\"elementor-container elementor-column-gap-default\">\n\t\t\t\t\t<div class=\"elementor-column elementor-col-33 elementor-top-column elementor-element elementor-element-0aa0d83\" data-id=\"0aa0d83\" data-element_type=\"column\">\n\t\t\t<div class=\"elementor-widget-wrap elementor-element-populated\">\n\t\t\t\t\t\t\t\t<div class=\"elementor-element elementor-element-ac8b8b5 elementor-widget__width-initial elementor-widget elementor-widget-image\" data-id=\"ac8b8b5\" data-element_type=\"widget\" data-widget_type=\"image.default\">\n\t\t\t\t<div class=\"elementor-widget-container\">\n\t\t\t\t\t\t\t\t\t\t\t\t\t\t\t<img decoding=\"async\" width=\"460\" height=\"459\" src=\"https:\/\/adapri.com\/wp-content\/uploads\/2023\/04\/4.png\" class=\"attachment-large size-large wp-image-269\" alt=\"\" loading=\"lazy\" srcset=\"https:\/\/adapri.com\/wp-content\/uploads\/2023\/04\/4.png 460w, https:\/\/adapri.com\/wp-content\/uploads\/2023\/04\/4-300x300.png 300w, https:\/\/adapri.com\/wp-content\/uploads\/2023\/04\/4-150x150.png 150w\" sizes=\"(max-width: 460px) 100vw, 460px\" \/>\t\t\t\t\t\t\t\t\t\t\t\t\t\t\t<\/div>\n\t\t\t\t<\/div>\n\t\t\t\t<div class=\"elementor-element elementor-element-964416b elementor-widget elementor-widget-text-editor\" data-id=\"964416b\" data-element_type=\"widget\" data-widget_type=\"text-editor.default\">\n\t\t\t\t<div class=\"elementor-widget-container\">\n\t\t\t\t\t\t\t<p style=\"text-align: center;\">Acceso a una red de apoyo y asesoramiento, que puede resultar \u00fatil en caso de enfrentar desaf\u00edos o problemas relacionados con la privacidad y protecci\u00f3n de datos.<\/p><p style=\"text-align: center;\">\u00a0<\/p>\t\t\t\t\t\t<\/div>\n\t\t\t\t<\/div>\n\t\t\t\t\t<\/div>\n\t\t<\/div>\n\t\t\t\t<div class=\"elementor-column elementor-col-33 elementor-top-column elementor-element elementor-element-2471b4e\" data-id=\"2471b4e\" data-element_type=\"column\">\n\t\t\t<div class=\"elementor-widget-wrap elementor-element-populated\">\n\t\t\t\t\t\t\t\t<div class=\"elementor-element elementor-element-49fec7e elementor-widget__width-initial elementor-widget elementor-widget-image\" data-id=\"49fec7e\" data-element_type=\"widget\" data-widget_type=\"image.default\">\n\t\t\t\t<div class=\"elementor-widget-container\">\n\t\t\t\t\t\t\t\t\t\t\t\t\t\t\t<img decoding=\"async\" width=\"460\" height=\"459\" src=\"https:\/\/adapri.com\/wp-content\/uploads\/2023\/04\/5.png\" class=\"attachment-large size-large wp-image-266\" alt=\"\" loading=\"lazy\" srcset=\"https:\/\/adapri.com\/wp-content\/uploads\/2023\/04\/5.png 460w, https:\/\/adapri.com\/wp-content\/uploads\/2023\/04\/5-300x300.png 300w, https:\/\/adapri.com\/wp-content\/uploads\/2023\/04\/5-150x150.png 150w\" sizes=\"(max-width: 460px) 100vw, 460px\" \/>\t\t\t\t\t\t\t\t\t\t\t\t\t\t\t<\/div>\n\t\t\t\t<\/div>\n\t\t\t\t<div class=\"elementor-element elementor-element-4779595 elementor-widget elementor-widget-text-editor\" data-id=\"4779595\" data-element_type=\"widget\" data-widget_type=\"text-editor.default\">\n\t\t\t\t<div class=\"elementor-widget-container\">\n\t\t\t\t\t\t\t<p style=\"text-align: center;\">Fortalecimiento del compromiso \u00e9tico y la responsabilidad social en relaci\u00f3n con el tratamiento de la informaci\u00f3n personal de individuos y organizaciones, lo que puede contribuir a fomentar la confianza y la transparencia en la gesti\u00f3n de la privacidad y protecci\u00f3n de datos.<\/p>\t\t\t\t\t\t<\/div>\n\t\t\t\t<\/div>\n\t\t\t\t\t<\/div>\n\t\t<\/div>\n\t\t\t\t<div class=\"elementor-column elementor-col-33 elementor-top-column elementor-element elementor-element-72d4dff\" data-id=\"72d4dff\" data-element_type=\"column\">\n\t\t\t<div class=\"elementor-widget-wrap elementor-element-populated\">\n\t\t\t\t\t\t\t\t<div class=\"elementor-element elementor-element-73e0be0 elementor-widget__width-initial elementor-widget elementor-widget-image\" data-id=\"73e0be0\" data-element_type=\"widget\" data-widget_type=\"image.default\">\n\t\t\t\t<div class=\"elementor-widget-container\">\n\t\t\t\t\t\t\t\t\t\t\t\t\t\t\t<img decoding=\"async\" width=\"460\" height=\"459\" src=\"https:\/\/adapri.com\/wp-content\/uploads\/2023\/04\/6.png\" class=\"attachment-large size-large wp-image-267\" alt=\"\" loading=\"lazy\" srcset=\"https:\/\/adapri.com\/wp-content\/uploads\/2023\/04\/6.png 460w, https:\/\/adapri.com\/wp-content\/uploads\/2023\/04\/6-300x300.png 300w, https:\/\/adapri.com\/wp-content\/uploads\/2023\/04\/6-150x150.png 150w\" sizes=\"(max-width: 460px) 100vw, 460px\" \/>\t\t\t\t\t\t\t\t\t\t\t\t\t\t\t<\/div>\n\t\t\t\t<\/div>\n\t\t\t\t<div class=\"elementor-element elementor-element-b185d50 elementor-widget elementor-widget-text-editor\" data-id=\"b185d50\" data-element_type=\"widget\" data-widget_type=\"text-editor.default\">\n\t\t\t\t<div class=\"elementor-widget-container\">\n\t\t\t\t\t\t\t<p style=\"text-align: center;\">Chat de afiliados, donde podr\u00e1s resolver dudas y compartir contenido de valor.<\/p>\t\t\t\t\t\t<\/div>\n\t\t\t\t<\/div>\n\t\t\t\t\t<\/div>\n\t\t<\/div>\n\t\t\t\t\t\t\t<\/div>\n\t\t<\/section>\n\t\t\t\t<section class=\"elementor-section elementor-top-section elementor-element elementor-element-92d9296 elementor-section-boxed elementor-section-height-default elementor-section-height-default\" data-id=\"92d9296\" data-element_type=\"section\">\n\t\t\t\t\t\t<div class=\"elementor-container elementor-column-gap-default\">\n\t\t\t\t\t<div class=\"elementor-column elementor-col-33 elementor-top-column elementor-element elementor-element-d21c710\" data-id=\"d21c710\" data-element_type=\"column\">\n\t\t\t<div class=\"elementor-widget-wrap\">\n\t\t\t\t\t\t\t\t\t<\/div>\n\t\t<\/div>\n\t\t\t\t<div class=\"elementor-column elementor-col-33 elementor-top-column elementor-element elementor-element-eca5d41\" data-id=\"eca5d41\" data-element_type=\"column\">\n\t\t\t<div class=\"elementor-widget-wrap elementor-element-populated\">\n\t\t\t\t\t\t\t\t<div class=\"elementor-element elementor-element-530becf elementor-widget__width-initial elementor-widget elementor-widget-image\" data-id=\"530becf\" data-element_type=\"widget\" data-widget_type=\"image.default\">\n\t\t\t\t<div class=\"elementor-widget-container\">\n\t\t\t\t\t\t\t\t\t\t\t\t\t\t\t<img decoding=\"async\" width=\"460\" height=\"459\" src=\"https:\/\/adapri.com\/wp-content\/uploads\/2023\/04\/7.png\" class=\"attachment-large size-large wp-image-268\" alt=\"\" loading=\"lazy\" srcset=\"https:\/\/adapri.com\/wp-content\/uploads\/2023\/04\/7.png 460w, https:\/\/adapri.com\/wp-content\/uploads\/2023\/04\/7-300x300.png 300w, https:\/\/adapri.com\/wp-content\/uploads\/2023\/04\/7-150x150.png 150w\" sizes=\"(max-width: 460px) 100vw, 460px\" \/>\t\t\t\t\t\t\t\t\t\t\t\t\t\t\t<\/div>\n\t\t\t\t<\/div>\n\t\t\t\t<div class=\"elementor-element elementor-element-6c5fe3a elementor-widget elementor-widget-text-editor\" data-id=\"6c5fe3a\" data-element_type=\"widget\" data-widget_type=\"text-editor.default\">\n\t\t\t\t<div class=\"elementor-widget-container\">\n\t\t\t\t\t\t\t<p style=\"text-align: center;\"><strong>Caf\u00e9 Adapri:<\/strong> evento exclusivo para afiliados, un espacio liderado por un experto donde se tratan temas de inter\u00e9s y actualidad.<\/p><p style=\"text-align: center;\">\u00a0<\/p>\t\t\t\t\t\t<\/div>\n\t\t\t\t<\/div>\n\t\t\t\t\t<\/div>\n\t\t<\/div>\n\t\t\t\t<div class=\"elementor-column elementor-col-33 elementor-top-column elementor-element elementor-element-75ee349\" data-id=\"75ee349\" data-element_type=\"column\">\n\t\t\t<div class=\"elementor-widget-wrap\">\n\t\t\t\t\t\t\t\t\t<\/div>\n\t\t<\/div>\n\t\t\t\t\t\t\t<\/div>\n\t\t<\/section>\n\t\t\t\t<section class=\"elementor-section elementor-top-section elementor-element elementor-element-31973ea elementor-section-boxed elementor-section-height-default elementor-section-height-default\" data-id=\"31973ea\" data-element_type=\"section\" data-settings=\"{&quot;background_background&quot;:&quot;classic&quot;}\">\n\t\t\t\t\t\t<div class=\"elementor-container elementor-column-gap-default\">\n\t\t\t\t\t<div class=\"elementor-column elementor-col-50 elementor-top-column elementor-element elementor-element-746a3bf\" data-id=\"746a3bf\" data-element_type=\"column\">\n\t\t\t<div class=\"elementor-widget-wrap elementor-element-populated\">\n\t\t\t\t\t\t\t\t<div class=\"elementor-element elementor-element-2bf544d elementor-widget elementor-widget-image\" data-id=\"2bf544d\" data-element_type=\"widget\" data-widget_type=\"image.default\">\n\t\t\t\t<div class=\"elementor-widget-container\">\n\t\t\t\t\t\t\t\t\t\t\t\t\t\t\t<img decoding=\"async\" width=\"1024\" height=\"1024\" src=\"https:\/\/adapri.com\/wp-content\/uploads\/2023\/05\/hombre-computadora-1-1024x1024.png\" class=\"attachment-large size-large wp-image-388\" alt=\"\" loading=\"lazy\" srcset=\"https:\/\/adapri.com\/wp-content\/uploads\/2023\/05\/hombre-computadora-1-1024x1024.png 1024w, https:\/\/adapri.com\/wp-content\/uploads\/2023\/05\/hombre-computadora-1-300x300.png 300w, https:\/\/adapri.com\/wp-content\/uploads\/2023\/05\/hombre-computadora-1-150x150.png 150w, https:\/\/adapri.com\/wp-content\/uploads\/2023\/05\/hombre-computadora-1-768x768.png 768w, https:\/\/adapri.com\/wp-content\/uploads\/2023\/05\/hombre-computadora-1-500x500.png 500w, https:\/\/adapri.com\/wp-content\/uploads\/2023\/05\/hombre-computadora-1.png 1200w\" sizes=\"(max-width: 1024px) 100vw, 1024px\" \/>\t\t\t\t\t\t\t\t\t\t\t\t\t\t\t<\/div>\n\t\t\t\t<\/div>\n\t\t\t\t\t<\/div>\n\t\t<\/div>\n\t\t\t\t<div class=\"elementor-column elementor-col-50 elementor-top-column elementor-element elementor-element-8a86e78\" data-id=\"8a86e78\" data-element_type=\"column\">\n\t\t\t<div class=\"elementor-widget-wrap elementor-element-populated\">\n\t\t\t\t\t\t\t\t<div class=\"elementor-element elementor-element-3bba59b elementor-widget elementor-widget-heading\" data-id=\"3bba59b\" data-element_type=\"widget\" data-widget_type=\"heading.default\">\n\t\t\t\t<div class=\"elementor-widget-container\">\n\t\t\t<h2 class=\"elementor-heading-title elementor-size-default\">Afiliate ahora<\/h2>\t\t<\/div>\n\t\t\t\t<\/div>\n\t\t\t\t<div class=\"elementor-element elementor-element-b7a2afc elementor-widget elementor-widget-text-editor\" data-id=\"b7a2afc\" data-element_type=\"widget\" data-widget_type=\"text-editor.default\">\n\t\t\t\t<div class=\"elementor-widget-container\">\n\t\t\t\t\t\t\t<h4><span style=\"color: #000000;\">Profesionales, organizaciones de la sociedad civil, acad\u00e9micos y estudiantes.<\/span><\/h4>\t\t\t\t\t\t<\/div>\n\t\t\t\t<\/div>\n\t\t\t\t<div class=\"elementor-element elementor-element-300d3ee elementor-widget elementor-widget-button\" data-id=\"300d3ee\" data-element_type=\"widget\" data-widget_type=\"button.default\">\n\t\t\t\t<div class=\"elementor-widget-container\">\n\t\t\t\t\t<div class=\"elementor-button-wrapper\">\n\t\t\t<a href=\"https:\/\/docs.google.com\/forms\/d\/e\/1FAIpQLSchxAHelHDSZeHWnIcwbClh6y8_1MSmu2UenJLk3vC3138Gfw\/viewform?usp=sf_link\" target=\"_blank\" class=\"elementor-button-link elementor-button elementor-size-sm\" role=\"button\">\n\t\t\t\t\t\t<span class=\"elementor-button-content-wrapper\">\n\t\t\t\t\t\t<span class=\"elementor-button-text\">Afiliate Ahora<\/span>\n\t\t<\/span>\n\t\t\t\t\t<\/a>\n\t\t<\/div>\n\t\t\t\t<\/div>\n\t\t\t\t<\/div>\n\t\t\t\t\t<\/div>\n\t\t<\/div>\n\t\t\t\t\t\t\t<\/div>\n\t\t<\/section>\n\t\t\t\t\t\t\t<\/div>\n\t\t","protected":false},"excerpt":{"rendered":"<p>Beneficios Beneficios de afiliarte Acceso a eventos y capacitaciones especializadas en temas de privacidad y protecci\u00f3n de datos, que permiten mantenerse actualizado en un campo en constante evoluci\u00f3n. Oportunidades de networking y establecimiento de contactos con otros profesionales del campo, que pueden resultar \u00fatiles para el desarrollo profesional y la identificaci\u00f3n de oportunidades de negocio. &hellip;<\/p>\n<p class=\"read-more\"> <a class=\"\" href=\"https:\/\/adapri.com\/index.php\/beneficios\/\"> <span class=\"screen-reader-text\">Beneficios<\/span> Read More &raquo;<\/a><\/p>\n","protected":false},"author":1,"featured_media":0,"parent":0,"menu_order":0,"comment_status":"closed","ping_status":"closed","template":"","meta":{"site-sidebar-layout":"no-sidebar","site-content-layout":"page-builder","ast-global-header-display":"","ast-main-header-display":"","ast-hfb-above-header-display":"","ast-hfb-below-header-display":"","ast-hfb-mobile-header-display":"","site-post-title":"disabled","ast-breadcrumbs-content":"","ast-featured-img":"disabled","footer-sml-layout":"","theme-transparent-header-meta":"","adv-header-id-meta":"","stick-header-meta":"","header-above-stick-meta":"","header-main-stick-meta":"","header-below-stick-meta":""},"_links":{"self":[{"href":"https:\/\/adapri.com\/index.php\/wp-json\/wp\/v2\/pages\/135"}],"collection":[{"href":"https:\/\/adapri.com\/index.php\/wp-json\/wp\/v2\/pages"}],"about":[{"href":"https:\/\/adapri.com\/index.php\/wp-json\/wp\/v2\/types\/page"}],"author":[{"embeddable":true,"href":"https:\/\/adapri.com\/index.php\/wp-json\/wp\/v2\/users\/1"}],"replies":[{"embeddable":true,"href":"https:\/\/adapri.com\/index.php\/wp-json\/wp\/v2\/comments?post=135"}],"version-history":[{"count":40,"href":"https:\/\/adapri.com\/index.php\/wp-json\/wp\/v2\/pages\/135\/revisions"}],"predecessor-version":[{"id":488,"href":"https:\/\/adapri.com\/index.php\/wp-json\/wp\/v2\/pages\/135\/revisions\/488"}],"wp:attachment":[{"href":"https:\/\/adapri.com\/index.php\/wp-json\/wp\/v2\/media?parent=135"}],"curies":[{"name":"wp","href":"https:\/\/api.w.org\/{rel}","templated":true}]}}